{"id":720,"date":"2020-06-04T11:56:14","date_gmt":"2020-06-04T09:56:14","guid":{"rendered":"https:\/\/hosting.smarty.ovh\/biotopsarl.com\/?post_type=product&#038;p=720"},"modified":"2020-10-28T14:18:56","modified_gmt":"2020-10-28T13:18:56","slug":"aso","status":"publish","type":"product","link":"https:\/\/www.biotop-tunisie.com\/?product=aso","title":{"rendered":"ASO"},"content":{"rendered":"","protected":false},"excerpt":{"rendered":"<p>L&rsquo;ASO est un anticorps produit dans le sang humain contre la streptolysine O fabriqu\u00e9 \u00e0 partir d&rsquo;une infection par la bact\u00e9rie Streptococcus. Un titre ASO \u00e9lev\u00e9 ou croissant peut r\u00e9v\u00e9ler des infections streptococciques r\u00e9centes. Certaines r\u00e9ponses auto-immunes, la glom\u00e9rulon\u00e9phrite, l&rsquo;amygdalite aigu\u00eb, la scarlatine et la fi\u00e8vre rhumatismale peuvent \u00eatre associ\u00e9es \u00e0 des infections streptococciques.<\/p>\n<p>M\u00eame si les titres ASO peuvent varier en raison d&rsquo;un certain nombre de facteurs, notamment la population et l&rsquo;\u00e2ge.<\/p>\n<p><strong>Type d&rsquo;\u00e9chantillon<\/strong>: s\u00e9rum, plasma<\/p>\n<p><strong>Lin\u00e9arit\u00e9<\/strong>: 25 -800 IU\/mL<\/p>\n<p><strong>Conditionnement: <\/strong>25 tests\/Kit<\/p>\n<p><strong class=\"marque_class\">Marque :<\/strong> Boditech<\/p>\n<p><code>[UAS_loggedin hint=\"\" ex=\"\"]<\/code><\/p>\n<p class=\"btn-link \" style=\"text-align: left;\"><a href=\"https:\/\/www.biotop-tunisie.com\/wp-content\/uploads\/2020\/06\/Copie-de-QRG-ASO-ichroma_ALL_20706-53_page-0001.pdf\">[QRG] ASO ichroma II<\/a><\/p>\n<pre><code>[\/UAS_loggedin]<\/code><\/pre>\n","protected":false},"featured_media":1704,"template":"","meta":[],"product_brand":[],"product_cat":[154],"product_tag":[],"class_list":{"0":"post-720","1":"product","2":"type-product","3":"status-publish","4":"has-post-thumbnail","6":"product_cat-infection-reactif-ichroma-ii","8":"first","9":"instock","10":"taxable","11":"shipping-taxable","12":"product-type-simple"},"_links":{"self":[{"href":"https:\/\/www.biotop-tunisie.com\/index.php?rest_route=\/wp\/v2\/product\/720","targetHints":{"allow":["GET"]}}],"collection":[{"href":"https:\/\/www.biotop-tunisie.com\/index.php?rest_route=\/wp\/v2\/product"}],"about":[{"href":"https:\/\/www.biotop-tunisie.com\/index.php?rest_route=\/wp\/v2\/types\/product"}],"wp:featuredmedia":[{"embeddable":true,"href":"https:\/\/www.biotop-tunisie.com\/index.php?rest_route=\/wp\/v2\/media\/1704"}],"wp:attachment":[{"href":"https:\/\/www.biotop-tunisie.com\/index.php?rest_route=%2Fwp%2Fv2%2Fmedia&parent=720"}],"wp:term":[{"taxonomy":"product_brand","embeddable":true,"href":"https:\/\/www.biotop-tunisie.com\/index.php?rest_route=%2Fwp%2Fv2%2Fproduct_brand&post=720"},{"taxonomy":"product_cat","embeddable":true,"href":"https:\/\/www.biotop-tunisie.com\/index.php?rest_route=%2Fwp%2Fv2%2Fproduct_cat&post=720"},{"taxonomy":"product_tag","embeddable":true,"href":"https:\/\/www.biotop-tunisie.com\/index.php?rest_route=%2Fwp%2Fv2%2Fproduct_tag&post=720"}],"curies":[{"name":"wp","href":"https:\/\/api.w.org\/{rel}","templated":true}]}}