{"id":725,"date":"2020-06-04T12:04:39","date_gmt":"2020-06-04T10:04:39","guid":{"rendered":"https:\/\/hosting.smarty.ovh\/biotopsarl.com\/?post_type=product&#038;p=725"},"modified":"2020-10-28T14:56:28","modified_gmt":"2020-10-28T13:56:28","slug":"influenza-ab","status":"publish","type":"product","link":"https:\/\/www.biotop-tunisie.com\/?product=influenza-ab","title":{"rendered":"Influenza A+B"},"content":{"rendered":"","protected":false},"excerpt":{"rendered":"<p>La grippe peut provoquer des sympt\u00f4mes l\u00e9gers \u00e0 s\u00e9v\u00e8res, tels qu\u2019une forte fi\u00e8vre, des frissons, des maux de t\u00eate, des douleurs musculaires, une toux et m\u00eame la mort. Ces maladies commencent g\u00e9n\u00e9ralement apr\u00e8s une exposition au virus de la grippe dans la cellule \u00e9pith\u00e9liale respiratoire de personne \u00e0 personne en \u00e9ternuant, en toussant ou en touchant des surfaces contamin\u00e9es.<\/p>\n<p>La mesure pr\u00e9ventive est hautement n\u00e9cessaire pour les personnes \u00e0 risque accru de maladie grave, de sorte qu&rsquo;un diagnostic pr\u00e9coce et diff\u00e9rentiel entre les types de grippe A ou B est tr\u00e8s essentiel.<\/p>\n<p>Ce produit est destin\u00e9 aux dispositifs m\u00e9dicaux de diagnostic in vitro avec lesquels l&rsquo;infection des virus de la grippe A ou B peut \u00eatre d\u00e9termin\u00e9e en 10 minutes, beaucoup plus rapidement et plus facilement que les m\u00e9thodes de diagnostic conventionnelles comme la PCR ou la culture virale qui prend plus de 24 \u00e0 48 heures pour le diagnostic .<\/p>\n<p><strong>Type d&rsquo;\u00e9chantillon<\/strong>: \u00c9chantillon nasal<\/p>\n<p><strong>Lin\u00e9arit\u00e9<\/strong>: \u2265 0.68 RFU<\/p>\n<p><strong class=\"marque_class\">Marque :<\/strong> Boditech<\/p>\n<p><code>[UAS_loggedin hint=\"\" ex=\"\"]<\/code><\/p>\n<p class=\"btn-link \" style=\"text-align: left;\"><a href=\"https:\/\/www.biotop-tunisie.com\/wp-content\/uploads\/2020\/06\/QRGInfluenza-AB-ichroma_ALL_20706-8_page-0001-1.pdf\">[QRG]Influenza A+B ichroma II<\/a><\/p>\n<pre><code>[\/UAS_loggedin]<\/code><\/pre>\n","protected":false},"featured_media":1743,"template":"","meta":[],"product_brand":[],"product_cat":[154],"product_tag":[],"class_list":{"0":"post-725","1":"product","2":"type-product","3":"status-publish","4":"has-post-thumbnail","6":"product_cat-infection-reactif-ichroma-ii","8":"first","9":"instock","10":"taxable","11":"shipping-taxable","12":"product-type-simple"},"_links":{"self":[{"href":"https:\/\/www.biotop-tunisie.com\/index.php?rest_route=\/wp\/v2\/product\/725","targetHints":{"allow":["GET"]}}],"collection":[{"href":"https:\/\/www.biotop-tunisie.com\/index.php?rest_route=\/wp\/v2\/product"}],"about":[{"href":"https:\/\/www.biotop-tunisie.com\/index.php?rest_route=\/wp\/v2\/types\/product"}],"wp:featuredmedia":[{"embeddable":true,"href":"https:\/\/www.biotop-tunisie.com\/index.php?rest_route=\/wp\/v2\/media\/1743"}],"wp:attachment":[{"href":"https:\/\/www.biotop-tunisie.com\/index.php?rest_route=%2Fwp%2Fv2%2Fmedia&parent=725"}],"wp:term":[{"taxonomy":"product_brand","embeddable":true,"href":"https:\/\/www.biotop-tunisie.com\/index.php?rest_route=%2Fwp%2Fv2%2Fproduct_brand&post=725"},{"taxonomy":"product_cat","embeddable":true,"href":"https:\/\/www.biotop-tunisie.com\/index.php?rest_route=%2Fwp%2Fv2%2Fproduct_cat&post=725"},{"taxonomy":"product_tag","embeddable":true,"href":"https:\/\/www.biotop-tunisie.com\/index.php?rest_route=%2Fwp%2Fv2%2Fproduct_tag&post=725"}],"curies":[{"name":"wp","href":"https:\/\/api.w.org\/{rel}","templated":true}]}}