{"id":734,"date":"2020-06-04T12:18:34","date_gmt":"2020-06-04T10:18:34","guid":{"rendered":"https:\/\/hosting.smarty.ovh\/biotopsarl.com\/?post_type=product&#038;p=734"},"modified":"2023-01-10T13:13:18","modified_gmt":"2023-01-10T12:13:18","slug":"ferritine-2","status":"publish","type":"product","link":"https:\/\/www.biotop-tunisie.com\/?product=ferritine-2","title":{"rendered":"Ferritine"},"content":{"rendered":"","protected":false},"excerpt":{"rendered":"<p>La ferritine, une importante prot\u00e9ine de stockage du fer, est essentielle \u00e0 l&rsquo;hom\u00e9ostasie du fer et est impliqu\u00e9e dans un large \u00e9ventail de processus physiologiques et pathologiques. En m\u00e9decine clinique, la ferritine est principalement utilis\u00e9e comme marqueur des r\u00e9serves totales de fer du corps. En cas de carence en fer et de surcharge, la ferritine s\u00e9rique joue un r\u00f4le critique \u00e0 la fois dans le diagnostic et la prise en charge. Il est clair que de faibles valeurs de ferritine inf\u00e9rieures \u00e0 la plage de r\u00e9f\u00e9rence sont g\u00e9n\u00e9ralement repr\u00e9sentatives d&rsquo;une carence en fer corporel. Une \u00e9tude r\u00e9cente sugg\u00e8re que la ferritine fournit une mesure plus sensible, sp\u00e9cifique et fiable pour d\u00e9terminer la carence en fer \u00e0 un stade pr\u00e9coce.<\/p>\n<p><strong>Type d&rsquo;\u00e9chantillon<\/strong>: s\u00e9rum, plasma<\/p>\n<p><strong>Lin\u00e9arit\u00e9<\/strong>: 10-1,000 ng\/mL<\/p>\n<p><strong>Conditionnement: <\/strong>25 tests\/Kit<\/p>\n<p><strong class=\"marque_class\">Marque :<\/strong> Boditech<\/p>\n<p><code>[UAS_loggedin hint=\"\" ex=\"\"]<\/code><\/p>\n<p class=\"btn-link \" style=\"text-align: left;\"><a href=\"https:\/\/www.biotop-tunisie.com\/wp-content\/uploads\/2020\/06\/ichroma_Ferritin_Rev01_200706E_granule.pdf\">ichroma_Ferritin granule<\/a><\/p>\n<pre><code>[\/UAS_loggedin]<\/code><\/pre>\n","protected":false},"featured_media":1680,"template":"","meta":[],"product_brand":[],"product_cat":[156],"product_tag":[],"class_list":{"0":"post-734","1":"product","2":"type-product","3":"status-publish","4":"has-post-thumbnail","6":"product_cat-autres-reactif-ichroma-ii","8":"first","9":"instock","10":"taxable","11":"shipping-taxable","12":"product-type-simple"},"_links":{"self":[{"href":"https:\/\/www.biotop-tunisie.com\/index.php?rest_route=\/wp\/v2\/product\/734","targetHints":{"allow":["GET"]}}],"collection":[{"href":"https:\/\/www.biotop-tunisie.com\/index.php?rest_route=\/wp\/v2\/product"}],"about":[{"href":"https:\/\/www.biotop-tunisie.com\/index.php?rest_route=\/wp\/v2\/types\/product"}],"wp:featuredmedia":[{"embeddable":true,"href":"https:\/\/www.biotop-tunisie.com\/index.php?rest_route=\/wp\/v2\/media\/1680"}],"wp:attachment":[{"href":"https:\/\/www.biotop-tunisie.com\/index.php?rest_route=%2Fwp%2Fv2%2Fmedia&parent=734"}],"wp:term":[{"taxonomy":"product_brand","embeddable":true,"href":"https:\/\/www.biotop-tunisie.com\/index.php?rest_route=%2Fwp%2Fv2%2Fproduct_brand&post=734"},{"taxonomy":"product_cat","embeddable":true,"href":"https:\/\/www.biotop-tunisie.com\/index.php?rest_route=%2Fwp%2Fv2%2Fproduct_cat&post=734"},{"taxonomy":"product_tag","embeddable":true,"href":"https:\/\/www.biotop-tunisie.com\/index.php?rest_route=%2Fwp%2Fv2%2Fproduct_tag&post=734"}],"curies":[{"name":"wp","href":"https:\/\/api.w.org\/{rel}","templated":true}]}}