{"id":735,"date":"2020-06-04T12:19:26","date_gmt":"2020-06-04T10:19:26","guid":{"rendered":"https:\/\/hosting.smarty.ovh\/biotopsarl.com\/?post_type=product&#038;p=735"},"modified":"2020-11-10T13:49:29","modified_gmt":"2020-11-10T12:49:29","slug":"h-pylori-sa","status":"publish","type":"product","link":"https:\/\/www.biotop-tunisie.com\/?product=h-pylori-sa","title":{"rendered":"H.Pylori SA"},"content":{"rendered":"","protected":false},"excerpt":{"rendered":"<p>L&rsquo;<em>Helicobacter pylori<\/em> est une bact\u00e9rie retrouv\u00e9e dans l&rsquo;estomac et dans l&rsquo;intestin de certaines personnes. Cette bact\u00e9rie est souvent impliqu\u00e9e dans diff\u00e9rents probl\u00e8mes digestifs, dont les ulc\u00e8res.<\/p>\n<p><strong>Type d&rsquo;\u00e9chantillon<\/strong>: Mati\u00e8res f\u00e9cales<\/p>\n<p><strong>Lin\u00e9arit\u00e9<\/strong>: Qualitative<\/p>\n<p><strong>Conditionnement: <\/strong>25 tests\/Kit<\/p>\n<p><strong class=\"marque_class\">Marque :<\/strong> Boditech<\/p>\n<p><code>[UAS_loggedin hint=\"\" ex=\"\"]<\/code><\/p>\n<p class=\"btn-link \" style=\"text-align: left;\"><a href=\"https:\/\/www.biotop-tunisie.com\/wp-content\/uploads\/2020\/06\/QRGH-pylori-ichroma_ALL_20706-14_page-0001.pdf\">[QRG]H pylori ichroma II<\/a><\/p>\n<pre><code>[\/UAS_loggedin]<\/code><\/pre>\n","protected":false},"featured_media":1678,"template":"","meta":[],"product_brand":[],"product_cat":[156],"product_tag":[],"class_list":{"0":"post-735","1":"product","2":"type-product","3":"status-publish","4":"has-post-thumbnail","6":"product_cat-autres-reactif-ichroma-ii","8":"first","9":"instock","10":"taxable","11":"shipping-taxable","12":"product-type-simple"},"_links":{"self":[{"href":"https:\/\/www.biotop-tunisie.com\/index.php?rest_route=\/wp\/v2\/product\/735","targetHints":{"allow":["GET"]}}],"collection":[{"href":"https:\/\/www.biotop-tunisie.com\/index.php?rest_route=\/wp\/v2\/product"}],"about":[{"href":"https:\/\/www.biotop-tunisie.com\/index.php?rest_route=\/wp\/v2\/types\/product"}],"wp:featuredmedia":[{"embeddable":true,"href":"https:\/\/www.biotop-tunisie.com\/index.php?rest_route=\/wp\/v2\/media\/1678"}],"wp:attachment":[{"href":"https:\/\/www.biotop-tunisie.com\/index.php?rest_route=%2Fwp%2Fv2%2Fmedia&parent=735"}],"wp:term":[{"taxonomy":"product_brand","embeddable":true,"href":"https:\/\/www.biotop-tunisie.com\/index.php?rest_route=%2Fwp%2Fv2%2Fproduct_brand&post=735"},{"taxonomy":"product_cat","embeddable":true,"href":"https:\/\/www.biotop-tunisie.com\/index.php?rest_route=%2Fwp%2Fv2%2Fproduct_cat&post=735"},{"taxonomy":"product_tag","embeddable":true,"href":"https:\/\/www.biotop-tunisie.com\/index.php?rest_route=%2Fwp%2Fv2%2Fproduct_tag&post=735"}],"curies":[{"name":"wp","href":"https:\/\/api.w.org\/{rel}","templated":true}]}}